{"id":7676,"date":"2022-06-08T09:40:34","date_gmt":"2022-06-08T07:40:34","guid":{"rendered":"https:\/\/zeeuwsechalets.nl\/de-stacaravanmakelaar\/"},"modified":"2022-10-07T14:14:17","modified_gmt":"2022-10-07T12:14:17","slug":"de-stacaravanmakelaar","status":"publish","type":"page","link":"https:\/\/zeeuwsechalets.nl\/de\/de-stacaravanmakelaar\/","title":{"rendered":"Der Wohnmobilvermittler"},"content":{"rendered":"\t\t<div data-elementor-type=\"wp-page\" data-elementor-id=\"7676\" class=\"elementor elementor-7676 elementor-2010\" data-elementor-post-type=\"page\">\n\t\t\t\t\t\t<section class=\"elementor-section elementor-top-section elementor-element elementor-element-70855f6 elementor-section-full_width elementor-section-height-default elementor-section-height-default\" data-id=\"70855f6\" data-element_type=\"section\" data-e-type=\"section\">\n\t\t\t\t\t\t<div class=\"elementor-container elementor-column-gap-default\">\n\t\t\t\t\t<div class=\"elementor-column elementor-col-100 elementor-top-column elementor-element elementor-element-eb9ece3\" data-id=\"eb9ece3\" data-element_type=\"column\" data-e-type=\"column\">\n\t\t\t<div class=\"elementor-widget-wrap elementor-element-populated\">\n\t\t\t\t\t\t<div class=\"elementor-element elementor-element-854dbe3 elementor-widget elementor-widget-template\" data-id=\"854dbe3\" data-element_type=\"widget\" data-e-type=\"widget\" data-widget_type=\"template.default\">\n\t\t\t\t<div class=\"elementor-widget-container\">\n\t\t\t\t\t\t\t<div class=\"elementor-template\">\n\t\t\t\t\t<div data-elementor-type=\"section\" data-elementor-id=\"1346\" class=\"elementor elementor-1346\" data-elementor-post-type=\"elementor_library\">\n\t\t\t\t\t<section class=\"elementor-section elementor-top-section elementor-element elementor-element-64da3a28 elementor-section-items-stretch elementor-section-full_width elementor-section-content-bottom elementor-section-height-min-height elementor-section-height-default\" data-id=\"64da3a28\" data-element_type=\"section\" data-e-type=\"section\" data-settings=\"{&quot;background_background&quot;:&quot;classic&quot;}\">\n\t\t\t\t\t\t<div class=\"elementor-container elementor-column-gap-no\">\n\t\t\t\t\t<div class=\"elementor-column elementor-col-100 elementor-top-column elementor-element elementor-element-39209c02\" data-id=\"39209c02\" data-element_type=\"column\" data-e-type=\"column\" data-settings=\"{&quot;background_background&quot;:&quot;classic&quot;}\">\n\t\t\t<div class=\"elementor-widget-wrap elementor-element-populated\">\n\t\t\t\t\t<div class=\"elementor-background-overlay\"><\/div>\n\t\t\t\t\t\t<section class=\"elementor-section elementor-inner-section elementor-element elementor-element-1ad16cd elementor-section-boxed elementor-section-height-default elementor-section-height-default\" data-id=\"1ad16cd\" data-element_type=\"section\" data-e-type=\"section\">\n\t\t\t\t\t\t<div class=\"elementor-container elementor-column-gap-default\">\n\t\t\t\t\t<div class=\"elementor-column elementor-col-100 elementor-inner-column elementor-element elementor-element-29ac4dd3\" data-id=\"29ac4dd3\" data-element_type=\"column\" data-e-type=\"column\">\n\t\t\t<div class=\"elementor-widget-wrap elementor-element-populated\">\n\t\t\t\t\t\t<div class=\"elementor-element elementor-element-4110c43 elementor-widget elementor-widget-heading\" data-id=\"4110c43\" data-element_type=\"widget\" data-e-type=\"widget\" data-widget_type=\"heading.default\">\n\t\t\t\t<div class=\"elementor-widget-container\">\n\t\t\t\t\t<h1 class=\"elementor-heading-title elementor-size-default\">Der Wohnmobilvermittler<\/h1>\t\t\t\t<\/div>\n\t\t\t\t<\/div>\n\t\t\t\t<div class=\"elementor-element elementor-element-2c264024 elementor-widget elementor-widget-global elementor-global-1268 elementor-widget-jet-breadcrumbs\" data-id=\"2c264024\" data-element_type=\"widget\" data-e-type=\"widget\" data-widget_type=\"jet-breadcrumbs.default\">\n\t\t\t\t<div class=\"elementor-widget-container\">\n\t\t\t\t\t<div class=\"elementor-jet-breadcrumbs jet-blocks\">\n\t\t<div class=\"jet-breadcrumbs\">\n\t\t<div class=\"jet-breadcrumbs__content\">\n\t\t<div class=\"jet-breadcrumbs__wrap\"><div class=\"jet-breadcrumbs__item\"><a href=\"https:\/\/zeeuwsechalets.nl\/de\/\" class=\"jet-breadcrumbs__item-link is-home\" rel=\"home\" title=\"Home\">Home<\/a><\/div>\n\t\t<\/div>\n\t\t<\/div>\n\t\t<\/div><\/div>\t\t\t\t<\/div>\n\t\t\t\t<\/div>\n\t\t\t\t\t<\/div>\n\t\t<\/div>\n\t\t\t\t\t<\/div>\n\t\t<\/section>\n\t\t\t\t\t<\/div>\n\t\t<\/div>\n\t\t\t\t\t<\/div>\n\t\t<\/section>\n\t\t\t\t<\/div>\n\t\t\t\t<\/div>\n\t\t\t\t\t\t<\/div>\n\t\t\t\t<\/div>\n\t\t\t\t\t<\/div>\n\t\t<\/div>\n\t\t\t\t\t<\/div>\n\t\t<\/section>\n\t\t\t\t<section class=\"elementor-section elementor-top-section elementor-element elementor-element-5901e1c elementor-section-content-middle elementor-section-full_width elementor-section-height-default elementor-section-height-default\" data-id=\"5901e1c\" data-element_type=\"section\" data-e-type=\"section\" data-settings=\"{&quot;background_background&quot;:&quot;classic&quot;}\">\n\t\t\t\t\t\t<div class=\"elementor-container elementor-column-gap-no\">\n\t\t\t\t\t<div class=\"elementor-column elementor-col-100 elementor-top-column elementor-element elementor-element-0464820\" data-id=\"0464820\" data-element_type=\"column\" data-e-type=\"column\">\n\t\t\t<div class=\"elementor-widget-wrap elementor-element-populated\">\n\t\t\t\t\t\t<section class=\"elementor-section elementor-inner-section elementor-element elementor-element-ce4f9f2 elementor-reverse-tablet elementor-reverse-mobile elementor-section-boxed elementor-section-height-default elementor-section-height-default\" data-id=\"ce4f9f2\" data-element_type=\"section\" data-e-type=\"section\">\n\t\t\t\t\t\t<div class=\"elementor-container elementor-column-gap-default\">\n\t\t\t\t\t<div class=\"elementor-column elementor-col-100 elementor-inner-column elementor-element elementor-element-5adb0b2 animated-slow elementor-invisible\" data-id=\"5adb0b2\" data-element_type=\"column\" data-e-type=\"column\" data-settings=\"{&quot;animation&quot;:&quot;fadeIn&quot;}\">\n\t\t\t<div class=\"elementor-widget-wrap elementor-element-populated\">\n\t\t\t\t\t\t<div class=\"elementor-element elementor-element-df9fc89 elementor-widget elementor-widget-heading\" data-id=\"df9fc89\" data-element_type=\"widget\" data-e-type=\"widget\" data-widget_type=\"heading.default\">\n\t\t\t\t<div class=\"elementor-widget-container\">\n\t\t\t\t\t<div class=\"elementor-heading-title elementor-size-default\">Kaufen Sie ein Wohnmobil?<\/div>\t\t\t\t<\/div>\n\t\t\t\t<\/div>\n\t\t\t\t<div class=\"elementor-element elementor-element-20d1554 elementor-widget elementor-widget-text-editor\" data-id=\"20d1554\" data-element_type=\"widget\" data-e-type=\"widget\" data-widget_type=\"text-editor.default\">\n\t\t\t\t<div class=\"elementor-widget-container\">\n\t\t\t\t\t\t\t\t\t<h2>Suchen Sie ein Mobilheim oder ein Chalet mit Grundst\u00fcck in Zeeland?<\/h2>\n<p>Der Wohnmobilmakler hilft Ihnen, Ihren Traum von einem (Zeeuws)-Haus zu verwirklichen. Dank ihrer Flexibilit\u00e4t bei der Terminvereinbarung, ihrer Mobilit\u00e4t aufgrund der r\u00e4umlichen N\u00e4he und ihrer langj\u00e4hrigen Erfahrung sind Colinda und Cekyra wie eine Spinne im Netz \u00fcber alle M\u00f6glichkeiten, Angebote und Ver\u00e4nderungen auf den Campingpl\u00e4tzen Zeelands auf dem Laufenden. Nehmen Sie Kontakt auf und lassen Sie sich verkaufen!<\/p>\n\t\t\t\t\t\t\t\t<\/div>\n\t\t\t\t<\/div>\n\t\t\t\t\t<\/div>\n\t\t<\/div>\n\t\t\t\t\t<\/div>\n\t\t<\/section>\n\t\t\t\t\t<\/div>\n\t\t<\/div>\n\t\t\t\t\t<\/div>\n\t\t<\/section>\n\t\t\t\t<section class=\"elementor-section elementor-top-section elementor-element elementor-element-e2fe2e6 elementor-section-content-middle elementor-section-full_width elementor-section-height-default elementor-section-height-default\" data-id=\"e2fe2e6\" data-element_type=\"section\" data-e-type=\"section\" data-settings=\"{&quot;background_background&quot;:&quot;classic&quot;}\">\n\t\t\t\t\t\t<div class=\"elementor-container elementor-column-gap-no\">\n\t\t\t\t\t<div class=\"elementor-column elementor-col-100 elementor-top-column elementor-element elementor-element-e686323\" data-id=\"e686323\" data-element_type=\"column\" data-e-type=\"column\">\n\t\t\t<div class=\"elementor-widget-wrap elementor-element-populated\">\n\t\t\t\t\t\t<section class=\"elementor-section elementor-inner-section elementor-element elementor-element-bb0bd97 elementor-section-boxed elementor-section-height-default elementor-section-height-default\" data-id=\"bb0bd97\" data-element_type=\"section\" data-e-type=\"section\">\n\t\t\t\t\t\t<div class=\"elementor-container elementor-column-gap-default\">\n\t\t\t\t\t<div class=\"elementor-column elementor-col-50 elementor-inner-column elementor-element elementor-element-2f7a98e animated-slow elementor-invisible\" data-id=\"2f7a98e\" data-element_type=\"column\" data-e-type=\"column\" data-settings=\"{&quot;animation&quot;:&quot;fadeIn&quot;,&quot;animation_tablet&quot;:&quot;none&quot;}\">\n\t\t\t<div class=\"elementor-widget-wrap elementor-element-populated\">\n\t\t\t\t\t\t<div class=\"elementor-element elementor-element-f7b2a8c elementor-widget elementor-widget-image\" data-id=\"f7b2a8c\" data-element_type=\"widget\" data-e-type=\"widget\" data-widget_type=\"image.default\">\n\t\t\t\t<div class=\"elementor-widget-container\">\n\t\t\t\t\t\t\t\t\t\t\t\t\t\t\t<img fetchpriority=\"high\" decoding=\"async\" width=\"800\" height=\"534\" src=\"https:\/\/zeeuwsechalets.nl\/wp-content\/uploads\/2022\/06\/De-Stacaravanmakelaar_Zeeuwse-Chalets_0000-1024x683.jpeg\" class=\"attachment-large size-large wp-image-6342\" alt=\"\" srcset=\"https:\/\/zeeuwsechalets.nl\/wp-content\/uploads\/2022\/06\/De-Stacaravanmakelaar_Zeeuwse-Chalets_0000-1024x683.jpeg 1024w, https:\/\/zeeuwsechalets.nl\/wp-content\/uploads\/2022\/06\/De-Stacaravanmakelaar_Zeeuwse-Chalets_0000-600x400.jpeg 600w, https:\/\/zeeuwsechalets.nl\/wp-content\/uploads\/2022\/06\/De-Stacaravanmakelaar_Zeeuwse-Chalets_0000-768x512.jpeg 768w, https:\/\/zeeuwsechalets.nl\/wp-content\/uploads\/2022\/06\/De-Stacaravanmakelaar_Zeeuwse-Chalets_0000-1536x1024.jpeg 1536w, https:\/\/zeeuwsechalets.nl\/wp-content\/uploads\/2022\/06\/De-Stacaravanmakelaar_Zeeuwse-Chalets_0000.jpeg 1600w\" sizes=\"(max-width: 800px) 100vw, 800px\">\t\t\t\t\t\t\t\t\t\t\t\t\t\t\t<\/div>\n\t\t\t\t<\/div>\n\t\t\t\t\t<\/div>\n\t\t<\/div>\n\t\t\t\t<div class=\"elementor-column elementor-col-50 elementor-inner-column elementor-element elementor-element-0d8e69a animated-slow elementor-invisible\" data-id=\"0d8e69a\" data-element_type=\"column\" data-e-type=\"column\" data-settings=\"{&quot;animation&quot;:&quot;fadeIn&quot;,&quot;background_background&quot;:&quot;classic&quot;}\">\n\t\t\t<div class=\"elementor-widget-wrap elementor-element-populated\">\n\t\t\t\t\t\t<div class=\"elementor-element elementor-element-9b661b2 elementor-widget elementor-widget-text-editor\" data-id=\"9b661b2\" data-element_type=\"widget\" data-e-type=\"widget\" data-widget_type=\"text-editor.default\">\n\t\t\t\t<div class=\"elementor-widget-container\">\n\t\t\t\t\t\t\t\t\t<h2>Neugierig auf das Wohnmobilangebot?<\/h2>\n<p>Besuchen Sie die Website <a href=\"https:\/\/stacaravanmakelaar.nl\/nl\" target=\"_blank\" rel=\"noopener\">www.stacaravanmakelaar.nl<\/a> oder <a href=\"https:\/\/zeeuwsechalets.nl\/de\/contact\/\">nehmen Sie Kontakt mit<\/a> uns auf! Wir verweisen Sie gerne an einen Ansprechpartner in der Wohnmobilagentur.<\/p>\n\t\t\t\t\t\t\t\t<\/div>\n\t\t\t\t<\/div>\n\t\t\t\t<div class=\"elementor-element elementor-element-a0c790c elementor-widget elementor-widget-button\" data-id=\"a0c790c\" data-element_type=\"widget\" data-e-type=\"widget\" data-widget_type=\"button.default\">\n\t\t\t\t<div class=\"elementor-widget-container\">\n\t\t\t\t\t\t\t\t\t<div class=\"elementor-button-wrapper\">\n\t\t\t\t\t<a class=\"elementor-button elementor-button-link elementor-size-sm\" href=\"https:\/\/stacaravanmakelaar.nl\/nl\" target=\"_blank\" rel=\"noopener\">\n\t\t\t\t\t\t<span class=\"elementor-button-content-wrapper\">\n\t\t\t\t\t\t<span class=\"elementor-button-icon\">\n\t\t\t\t<i aria-hidden=\"true\" class=\"fas fa-arrow-right\"><\/i>\t\t\t<\/span>\n\t\t\t\t\t\t\t\t\t<span class=\"elementor-button-text\">Website besuchen<\/span>\n\t\t\t\t\t<\/span>\n\t\t\t\t\t<\/a>\n\t\t\t\t<\/div>\n\t\t\t\t\t\t\t\t<\/div>\n\t\t\t\t<\/div>\n\t\t\t\t\t<\/div>\n\t\t<\/div>\n\t\t\t\t\t<\/div>\n\t\t<\/section>\n\t\t\t\t\t<\/div>\n\t\t<\/div>\n\t\t\t\t\t<\/div>\n\t\t<\/section>\n\t\t\t\t<section class=\"elementor-section elementor-top-section elementor-element elementor-element-52e997f elementor-section-content-middle elementor-section-full_width elementor-section-height-default elementor-section-height-default\" data-id=\"52e997f\" data-element_type=\"section\" data-e-type=\"section\" data-settings=\"{&quot;background_background&quot;:&quot;classic&quot;}\">\n\t\t\t\t\t\t<div class=\"elementor-container elementor-column-gap-no\">\n\t\t\t\t\t<div class=\"elementor-column elementor-col-100 elementor-top-column elementor-element elementor-element-5b11cbf\" data-id=\"5b11cbf\" data-element_type=\"column\" data-e-type=\"column\">\n\t\t\t<div class=\"elementor-widget-wrap elementor-element-populated\">\n\t\t\t\t\t\t<section class=\"elementor-section elementor-inner-section elementor-element elementor-element-f28dddf elementor-reverse-tablet elementor-reverse-mobile elementor-section-boxed elementor-section-height-default elementor-section-height-default\" data-id=\"f28dddf\" data-element_type=\"section\" data-e-type=\"section\">\n\t\t\t\t\t\t<div class=\"elementor-container elementor-column-gap-default\">\n\t\t\t\t\t<div class=\"elementor-column elementor-col-100 elementor-inner-column elementor-element elementor-element-b9311e2 animated-slow elementor-invisible\" data-id=\"b9311e2\" data-element_type=\"column\" data-e-type=\"column\" data-settings=\"{&quot;animation&quot;:&quot;fadeIn&quot;}\">\n\t\t\t<div class=\"elementor-widget-wrap elementor-element-populated\">\n\t\t\t\t\t\t<div class=\"elementor-element elementor-element-ac6bd5c elementor-widget elementor-widget-heading\" data-id=\"ac6bd5c\" data-element_type=\"widget\" data-e-type=\"widget\" data-widget_type=\"heading.default\">\n\t\t\t\t<div class=\"elementor-widget-container\">\n\t\t\t\t\t<div class=\"elementor-heading-title elementor-size-default\">Colinda und Cekyra suchen zusammen<\/div>\t\t\t\t<\/div>\n\t\t\t\t<\/div>\n\t\t\t\t<div class=\"elementor-element elementor-element-70c98ec elementor-widget elementor-widget-text-editor\" data-id=\"70c98ec\" data-element_type=\"widget\" data-e-type=\"widget\" data-widget_type=\"text-editor.default\">\n\t\t\t\t<div class=\"elementor-widget-container\">\n\t\t\t\t\t\t\t\t\t<h2>Der Wohnmobilmakler ist f\u00fcr Sie da!<\/h2>\n<p>Wenn Sie mit Zeeland Chalets Gesch\u00e4fte machen, haben Sie wahrscheinlich auch mit dem Makler f\u00fcr Wohnmobile zu tun oder hatten mit ihm zu tun. Dieses Unternehmen, bei dem f\u00fcr Jan Deurloo alles begann, ist eigentlich so etwas wie eine Erweiterung von Zeeland Chalets auf dem Gebiet. Colinda Kort und Cekyra van der Wekken sind zusammen das Gesicht der Wohnmobilagentur. Sie k\u00fcmmern sich um die Vorbereitungen f\u00fcr den Kauf oder Verkauf eines Mobilheims oder Chalets.<\/p>\n<p>Sind Sie auf der Suche nach einem Grundst\u00fcck oder einem Ort mit einem bestehenden Chalet in Zeeland? Dann m\u00fcssen Sie mit diesen Damen zusammen sein. Sie k\u00f6nnen Ihnen alles \u00fcber die verschiedenen Campingpl\u00e4tze erz\u00e4hlen und werden bald den besten Platz f\u00fcr Sie herausfinden. F\u00fcr jeden Geldbeutel gibt es ein passendes Angebot, vom Mobilheim bis zum Luxus-Chalet. Colinda: &#8222;Die St\u00e4rke von Mobile Home Broker liegt in den starken Kampagnen online und in den sozialen Medien. Wir machen viele Videos und haben ein gro\u00dfes Netzwerk aufgebaut. Dank unserer langj\u00e4hrigen Erfahrung wissen wir besser als jeder andere, wie man ein Grundst\u00fcck (mit oder ohne Chalet) vermarktet&#8220;. Colinda und Cekyra sind jetzt gut aufeinander abgestimmt. Von der Kontaktaufnahme \u00fcber soziale Medien und Werbung bis hin zur Abwicklung von Kauf- und Verkaufsprozessen: Sie k\u00f6nnen beides tun, aber pr\u00fcfen Sie jede Aufgabe, um zu sehen, wer sie am besten \u00fcbernehmen kann.<\/p>\n<p>Die Terminvereinbarung erfolgt zun\u00e4chst immer direkt vor Ort. Cekyra: &#8222;Der Standort ist sehr wichtig, er muss sich gut anf\u00fchlen und passen. Wir sagen Ihnen dann auch, welche Regeln und M\u00f6glichkeiten f\u00fcr den jeweiligen Campingplatz gelten, damit Sie im Voraus wissen, woran Sie sind. Wir halten es f\u00fcr sehr wichtig, ehrliche Informationen zu geben. Wird es zu einer Einigung kommen? Der Wohnmobilmakler k\u00fcmmert sich dann um die Abwicklung des Verkaufs. Wird es ein neues Chalet geben? Dann \u00fcbergeben sie den Auftrag an das Team von Zeeland Chalets, um ihn in die Tat umzusetzen. Colinda: &#8222;Wir tun das mit Zuversicht. Und wird es jemals zu einer Entscheidung kommen, das Chalet zu verkaufen? Auch dann werden wir wieder f\u00fcr Sie da sein.&#8220;<\/p>\n<p><a href=\"http:\/\/www.stacaravanmakelaar.nl\/zeeland\" target=\"_blank\" rel=\"noopener\">www.stacaravanmakelaar.nl\/zeeland<\/a><br \/>Tel. 06-5393 1840<\/p>\n\t\t\t\t\t\t\t\t<\/div>\n\t\t\t\t<\/div>\n\t\t\t\t\t<\/div>\n\t\t<\/div>\n\t\t\t\t\t<\/div>\n\t\t<\/section>\n\t\t\t\t\t<\/div>\n\t\t<\/div>\n\t\t\t\t\t<\/div>\n\t\t<\/section>\n\t\t\t\t<section class=\"elementor-section elementor-top-section elementor-element elementor-element-46243b6 elementor-section-full_width elementor-section-stretched elementor-section-height-default elementor-section-height-default\" data-id=\"46243b6\" data-element_type=\"section\" data-e-type=\"section\" data-settings=\"{&quot;stretch_section&quot;:&quot;section-stretched&quot;}\">\n\t\t\t\t\t\t<div class=\"elementor-container elementor-column-gap-default\">\n\t\t\t\t\t<div class=\"elementor-column elementor-col-100 elementor-top-column elementor-element elementor-element-24378c4\" data-id=\"24378c4\" data-element_type=\"column\" data-e-type=\"column\">\n\t\t\t<div class=\"elementor-widget-wrap elementor-element-populated\">\n\t\t\t\t\t\t<div class=\"elementor-element elementor-element-fcc3273 elementor-widget elementor-widget-template\" data-id=\"fcc3273\" data-element_type=\"widget\" data-e-type=\"widget\" data-widget_type=\"template.default\">\n\t\t\t\t<div class=\"elementor-widget-container\">\n\t\t\t\t\t\t\t<div class=\"elementor-template\">\n\t\t\t\t\t<div data-elementor-type=\"section\" data-elementor-id=\"7826\" class=\"elementor elementor-7826 elementor-643 elementor-643\" data-elementor-post-type=\"elementor_library\">\n\t\t\t\t\t<section class=\"elementor-section elementor-top-section elementor-element elementor-element-3ffeb3f7 elementor-section-content-middle elementor-section-full_width elementor-section-height-default elementor-section-height-default\" data-id=\"3ffeb3f7\" data-element_type=\"section\" data-e-type=\"section\" data-settings=\"{&quot;background_background&quot;:&quot;classic&quot;}\">\n\t\t\t\t\t\t<div class=\"elementor-container elementor-column-gap-no\">\n\t\t\t\t\t<div class=\"elementor-column elementor-col-100 elementor-top-column elementor-element elementor-element-7d2e30dd\" data-id=\"7d2e30dd\" data-element_type=\"column\" data-e-type=\"column\" data-settings=\"{&quot;background_background&quot;:&quot;classic&quot;}\">\n\t\t\t<div class=\"elementor-widget-wrap elementor-element-populated\">\n\t\t\t\t\t\t<section class=\"elementor-section elementor-inner-section elementor-element elementor-element-74d0a2a3 elementor-section-boxed elementor-section-height-default elementor-section-height-default\" data-id=\"74d0a2a3\" data-element_type=\"section\" data-e-type=\"section\">\n\t\t\t\t\t\t<div class=\"elementor-container elementor-column-gap-default\">\n\t\t\t\t\t<div class=\"elementor-column elementor-col-50 elementor-inner-column elementor-element elementor-element-730801f8\" data-id=\"730801f8\" data-element_type=\"column\" data-e-type=\"column\">\n\t\t\t<div class=\"elementor-widget-wrap elementor-element-populated\">\n\t\t\t\t\t\t<div class=\"elementor-element elementor-element-68eab0e3 elementor-widget elementor-widget-heading\" data-id=\"68eab0e3\" data-element_type=\"widget\" data-e-type=\"widget\" data-widget_type=\"heading.default\">\n\t\t\t\t<div class=\"elementor-widget-container\">\n\t\t\t\t\t<div class=\"elementor-heading-title elementor-size-default\">Noch Fragen?<\/div>\t\t\t\t<\/div>\n\t\t\t\t<\/div>\n\t\t\t\t<div class=\"elementor-element elementor-element-ac94268 elementor-widget elementor-widget-heading\" data-id=\"ac94268\" data-element_type=\"widget\" data-e-type=\"widget\" data-widget_type=\"heading.default\">\n\t\t\t\t<div class=\"elementor-widget-container\">\n\t\t\t\t\t<h2 class=\"elementor-heading-title elementor-size-default\">Unser Team wird <br>Ihnen gerne helfen!<\/h2>\t\t\t\t<\/div>\n\t\t\t\t<\/div>\n\t\t\t\t<div class=\"elementor-element elementor-element-52ddf275 elementor-widget__width-inherit elementor-mobile-align-center elementor-widget elementor-widget-button\" data-id=\"52ddf275\" data-element_type=\"widget\" data-e-type=\"widget\" data-widget_type=\"button.default\">\n\t\t\t\t<div class=\"elementor-widget-container\">\n\t\t\t\t\t\t\t\t\t<div class=\"elementor-button-wrapper\">\n\t\t\t\t\t<a class=\"elementor-button elementor-button-link elementor-size-md\" href=\"https:\/\/zeeuwsechalets.nl\/de\/contact\/\">\n\t\t\t\t\t\t<span class=\"elementor-button-content-wrapper\">\n\t\t\t\t\t\t<span class=\"elementor-button-icon\">\n\t\t\t\t<i aria-hidden=\"true\" class=\"fas fa-arrow-right\"><\/i>\t\t\t<\/span>\n\t\t\t\t\t\t\t\t\t<span class=\"elementor-button-text\">Kontakt aufnehmen<\/span>\n\t\t\t\t\t<\/span>\n\t\t\t\t\t<\/a>\n\t\t\t\t<\/div>\n\t\t\t\t\t\t\t\t<\/div>\n\t\t\t\t<\/div>\n\t\t\t\t\t<\/div>\n\t\t<\/div>\n\t\t\t\t<div class=\"elementor-column elementor-col-50 elementor-inner-column elementor-element elementor-element-0672784\" data-id=\"0672784\" data-element_type=\"column\" data-e-type=\"column\">\n\t\t\t<div class=\"elementor-widget-wrap elementor-element-populated\">\n\t\t\t\t\t\t<div class=\"elementor-element elementor-element-ec9bd0e elementor-widget elementor-widget-image\" data-id=\"ec9bd0e\" data-element_type=\"widget\" data-e-type=\"widget\" data-widget_type=\"image.default\">\n\t\t\t\t<div class=\"elementor-widget-container\">\n\t\t\t\t\t\t\t\t\t\t\t\t\t\t\t<img decoding=\"async\" src=\"https:\/\/zeeuwsechalets.nl\/wp-content\/uploads\/elementor\/thumbs\/Personeelsfoto-Zeeuwse-chalets-Transparant-pptijys21f7lyp70fym5osl5y56vwvnry38ccoktve.png\" title=\"Personeelsfoto Zeeuwse chalets &#8211; Transparant\" alt=\"Personeelsfoto Zeeuwse chalets - Transparant\" loading=\"lazy\" \/>\t\t\t\t\t\t\t\t\t\t\t\t\t\t\t<\/div>\n\t\t\t\t<\/div>\n\t\t\t\t\t<\/div>\n\t\t<\/div>\n\t\t\t\t\t<\/div>\n\t\t<\/section>\n\t\t\t\t\t<\/div>\n\t\t<\/div>\n\t\t\t\t\t<\/div>\n\t\t<\/section>\n\t\t\t\t<\/div>\n\t\t\t\t<\/div>\n\t\t\t\t\t\t<\/div>\n\t\t\t\t<\/div>\n\t\t\t\t\t<\/div>\n\t\t<\/div>\n\t\t\t\t\t<\/div>\n\t\t<\/section>\n\t\t\t\t<\/div>\n\t\t","protected":false},"excerpt":{"rendered":"<p>Kaufen Sie ein Wohnmobil? Suchen Sie ein Mobilheim oder ein Chalet mit Grundst\u00fcck in Zeeland? Der Wohnmobilmakler hilft Ihnen, Ihren Traum von einem (Zeeuws)-Haus zu verwirklichen. Dank ihrer Flexibilit\u00e4t bei der Terminvereinbarung, ihrer Mobilit\u00e4t aufgrund der r\u00e4umlichen N\u00e4he und ihrer langj\u00e4hrigen Erfahrung sind Colinda und Cekyra wie eine Spinne im Netz \u00fcber alle M\u00f6glichkeiten, Angebote [&hellip;]<\/p>\n","protected":false},"author":1,"featured_media":0,"parent":0,"menu_order":12,"comment_status":"closed","ping_status":"closed","template":"","meta":{"footnotes":""},"folder":[45],"class_list":["post-7676","page","type-page","status-publish","hentry"],"_links":{"self":[{"href":"https:\/\/zeeuwsechalets.nl\/de\/wp-json\/wp\/v2\/pages\/7676","targetHints":{"allow":["GET"]}}],"collection":[{"href":"https:\/\/zeeuwsechalets.nl\/de\/wp-json\/wp\/v2\/pages"}],"about":[{"href":"https:\/\/zeeuwsechalets.nl\/de\/wp-json\/wp\/v2\/types\/page"}],"author":[{"embeddable":true,"href":"https:\/\/zeeuwsechalets.nl\/de\/wp-json\/wp\/v2\/users\/1"}],"replies":[{"embeddable":true,"href":"https:\/\/zeeuwsechalets.nl\/de\/wp-json\/wp\/v2\/comments?post=7676"}],"version-history":[{"count":2,"href":"https:\/\/zeeuwsechalets.nl\/de\/wp-json\/wp\/v2\/pages\/7676\/revisions"}],"predecessor-version":[{"id":7772,"href":"https:\/\/zeeuwsechalets.nl\/de\/wp-json\/wp\/v2\/pages\/7676\/revisions\/7772"}],"wp:attachment":[{"href":"https:\/\/zeeuwsechalets.nl\/de\/wp-json\/wp\/v2\/media?parent=7676"}],"wp:term":[{"taxonomy":"folder","embeddable":true,"href":"https:\/\/zeeuwsechalets.nl\/de\/wp-json\/wp\/v2\/folder?post=7676"}],"curies":[{"name":"wp","href":"https:\/\/api.w.org\/{rel}","templated":true}]}}