{"id":7686,"date":"2022-06-08T20:52:16","date_gmt":"2022-06-08T18:52:16","guid":{"rendered":"https:\/\/zeeuwsechalets.nl\/informatie\/een-chalet-onderhouden\/"},"modified":"2022-10-11T14:13:46","modified_gmt":"2022-10-11T12:13:46","slug":"chalet-gepflegt","status":"publish","type":"page","link":"https:\/\/zeeuwsechalets.nl\/de\/informationen\/chalet-gepflegt\/","title":{"rendered":"Chalet gepflegt"},"content":{"rendered":"\t\t<div data-elementor-type=\"wp-page\" data-elementor-id=\"7686\" class=\"elementor elementor-7686 elementor-2120\" data-elementor-post-type=\"page\">\n\t\t\t\t\t\t<section class=\"elementor-section elementor-top-section elementor-element elementor-element-14620c1 elementor-section-full_width elementor-section-height-default elementor-section-height-default\" data-id=\"14620c1\" data-element_type=\"section\" data-e-type=\"section\">\n\t\t\t\t\t\t<div class=\"elementor-container elementor-column-gap-default\">\n\t\t\t\t\t<div class=\"elementor-column elementor-col-100 elementor-top-column elementor-element elementor-element-6baa5d1\" data-id=\"6baa5d1\" data-element_type=\"column\" data-e-type=\"column\">\n\t\t\t<div class=\"elementor-widget-wrap elementor-element-populated\">\n\t\t\t\t\t\t<div class=\"elementor-element elementor-element-b257519 elementor-widget elementor-widget-template\" data-id=\"b257519\" data-element_type=\"widget\" data-e-type=\"widget\" data-widget_type=\"template.default\">\n\t\t\t\t<div class=\"elementor-widget-container\">\n\t\t\t\t\t\t\t<div class=\"elementor-template\">\n\t\t\t\t\t<div data-elementor-type=\"section\" data-elementor-id=\"1346\" class=\"elementor elementor-1346\" data-elementor-post-type=\"elementor_library\">\n\t\t\t\t\t<section class=\"elementor-section elementor-top-section elementor-element elementor-element-64da3a28 elementor-section-items-stretch elementor-section-full_width elementor-section-content-bottom elementor-section-height-min-height elementor-section-height-default\" data-id=\"64da3a28\" data-element_type=\"section\" data-e-type=\"section\" data-settings=\"{&quot;background_background&quot;:&quot;classic&quot;}\">\n\t\t\t\t\t\t<div class=\"elementor-container elementor-column-gap-no\">\n\t\t\t\t\t<div class=\"elementor-column elementor-col-100 elementor-top-column elementor-element elementor-element-39209c02\" data-id=\"39209c02\" data-element_type=\"column\" data-e-type=\"column\" data-settings=\"{&quot;background_background&quot;:&quot;classic&quot;}\">\n\t\t\t<div class=\"elementor-widget-wrap elementor-element-populated\">\n\t\t\t\t\t<div class=\"elementor-background-overlay\"><\/div>\n\t\t\t\t\t\t<section class=\"elementor-section elementor-inner-section elementor-element elementor-element-1ad16cd elementor-section-boxed elementor-section-height-default elementor-section-height-default\" data-id=\"1ad16cd\" data-element_type=\"section\" data-e-type=\"section\">\n\t\t\t\t\t\t<div class=\"elementor-container elementor-column-gap-default\">\n\t\t\t\t\t<div class=\"elementor-column elementor-col-100 elementor-inner-column elementor-element elementor-element-29ac4dd3\" data-id=\"29ac4dd3\" data-element_type=\"column\" data-e-type=\"column\">\n\t\t\t<div class=\"elementor-widget-wrap elementor-element-populated\">\n\t\t\t\t\t\t<div class=\"elementor-element elementor-element-4110c43 elementor-widget elementor-widget-heading\" data-id=\"4110c43\" data-element_type=\"widget\" data-e-type=\"widget\" data-widget_type=\"heading.default\">\n\t\t\t\t<div class=\"elementor-widget-container\">\n\t\t\t\t\t<h1 class=\"elementor-heading-title elementor-size-default\">Chalet gepflegt<\/h1>\t\t\t\t<\/div>\n\t\t\t\t<\/div>\n\t\t\t\t<div class=\"elementor-element elementor-element-2c264024 elementor-widget elementor-widget-global elementor-global-1268 elementor-widget-jet-breadcrumbs\" data-id=\"2c264024\" data-element_type=\"widget\" data-e-type=\"widget\" data-widget_type=\"jet-breadcrumbs.default\">\n\t\t\t\t<div class=\"elementor-widget-container\">\n\t\t\t\t\t<div class=\"elementor-jet-breadcrumbs jet-blocks\">\n\t\t<div class=\"jet-breadcrumbs\">\n\t\t<div class=\"jet-breadcrumbs__content\">\n\t\t<div class=\"jet-breadcrumbs__wrap\"><div class=\"jet-breadcrumbs__item\"><a href=\"https:\/\/zeeuwsechalets.nl\/de\/\" class=\"jet-breadcrumbs__item-link is-home\" rel=\"home\" title=\"Home\">Home<\/a><\/div>\n\t\t<\/div>\n\t\t<\/div>\n\t\t<\/div><\/div>\t\t\t\t<\/div>\n\t\t\t\t<\/div>\n\t\t\t\t\t<\/div>\n\t\t<\/div>\n\t\t\t\t\t<\/div>\n\t\t<\/section>\n\t\t\t\t\t<\/div>\n\t\t<\/div>\n\t\t\t\t\t<\/div>\n\t\t<\/section>\n\t\t\t\t<\/div>\n\t\t\t\t<\/div>\n\t\t\t\t\t\t<\/div>\n\t\t\t\t<\/div>\n\t\t\t\t\t<\/div>\n\t\t<\/div>\n\t\t\t\t\t<\/div>\n\t\t<\/section>\n\t\t\t\t<section class=\"elementor-section elementor-top-section elementor-element elementor-element-304230a elementor-section-content-middle elementor-section-full_width elementor-section-height-default elementor-section-height-default\" data-id=\"304230a\" data-element_type=\"section\" data-e-type=\"section\" data-settings=\"{&quot;background_background&quot;:&quot;classic&quot;}\">\n\t\t\t\t\t\t<div class=\"elementor-container elementor-column-gap-no\">\n\t\t\t\t\t<div class=\"elementor-column elementor-col-100 elementor-top-column elementor-element elementor-element-c0d3c74\" data-id=\"c0d3c74\" data-element_type=\"column\" data-e-type=\"column\">\n\t\t\t<div class=\"elementor-widget-wrap elementor-element-populated\">\n\t\t\t\t\t\t<section class=\"elementor-section elementor-inner-section elementor-element elementor-element-c39b966 elementor-reverse-tablet elementor-reverse-mobile elementor-section-boxed elementor-section-height-default elementor-section-height-default\" data-id=\"c39b966\" data-element_type=\"section\" data-e-type=\"section\">\n\t\t\t\t\t\t<div class=\"elementor-container elementor-column-gap-default\">\n\t\t\t\t\t<div class=\"elementor-column elementor-col-100 elementor-inner-column elementor-element elementor-element-5b9d10b animated-slow elementor-invisible\" data-id=\"5b9d10b\" data-element_type=\"column\" data-e-type=\"column\" data-settings=\"{&quot;animation&quot;:&quot;fadeIn&quot;}\">\n\t\t\t<div class=\"elementor-widget-wrap elementor-element-populated\">\n\t\t\t\t\t\t<div class=\"elementor-element elementor-element-4ee6c1a elementor-widget elementor-widget-heading\" data-id=\"4ee6c1a\" data-element_type=\"widget\" data-e-type=\"widget\" data-widget_type=\"heading.default\">\n\t\t\t\t<div class=\"elementor-widget-container\">\n\t\t\t\t\t<div class=\"elementor-heading-title elementor-size-default\">So machen Sie es!<\/div>\t\t\t\t<\/div>\n\t\t\t\t<\/div>\n\t\t\t\t<div class=\"elementor-element elementor-element-26ac246 elementor-widget elementor-widget-text-editor\" data-id=\"26ac246\" data-element_type=\"widget\" data-e-type=\"widget\" data-widget_type=\"text-editor.default\">\n\t\t\t\t<div class=\"elementor-widget-container\">\n\t\t\t\t\t\t\t\t\t<h2>Instandhaltung und \u00dcberwinterung eines Chalets<\/h2>\n<p>Nat\u00fcrlich braucht auch Ihr Traum-Chalet ein bisschen Liebe und Aufmerksamkeit, um so sch\u00f6n und ordentlich zu bleiben. Lesen Sie daher die folgenden n\u00fctzlichen Tipps, um das Chalet optimal zu pflegen. Sie fragen sich, wie man ein Chalet winterfest macht? Dann schauen Sie sich das <a href=\"#video-chalet-onderhoud\">Video<\/a> unten an!<\/p>\n\t\t\t\t\t\t\t\t<\/div>\n\t\t\t\t<\/div>\n\t\t\t\t\t<\/div>\n\t\t<\/div>\n\t\t\t\t\t<\/div>\n\t\t<\/section>\n\t\t\t\t\t<\/div>\n\t\t<\/div>\n\t\t\t\t\t<\/div>\n\t\t<\/section>\n\t\t\t\t<section class=\"elementor-section elementor-top-section elementor-element elementor-element-fac8fa3 elementor-section-full_width jedv-enabled--yes elementor-section-height-default elementor-section-height-default\" data-id=\"fac8fa3\" data-element_type=\"section\" data-e-type=\"section\" id=\"video-chalet-onderhoud\">\n\t\t\t\t\t\t<div class=\"elementor-container elementor-column-gap-default\">\n\t\t\t\t\t<div class=\"elementor-column elementor-col-100 elementor-top-column elementor-element elementor-element-b6ab485\" data-id=\"b6ab485\" data-element_type=\"column\" data-e-type=\"column\">\n\t\t\t<div class=\"elementor-widget-wrap elementor-element-populated\">\n\t\t\t\t\t\t<div class=\"elementor-element elementor-element-257060d elementor-widget elementor-widget-template\" data-id=\"257060d\" data-element_type=\"widget\" data-e-type=\"widget\" data-widget_type=\"template.default\">\n\t\t\t\t<div class=\"elementor-widget-container\">\n\t\t\t\t\t\t\t<div class=\"elementor-template\">\n\t\t\t\t\t<div data-elementor-type=\"section\" data-elementor-id=\"2171\" class=\"elementor elementor-2171\" data-elementor-post-type=\"elementor_library\">\n\t\t\t\t\t<section class=\"elementor-section elementor-top-section elementor-element elementor-element-7e663e15 elementor-section-content-middle elementor-section-full_width elementor-section-height-default elementor-section-height-default\" data-id=\"7e663e15\" data-element_type=\"section\" data-e-type=\"section\" data-settings=\"{&quot;background_background&quot;:&quot;classic&quot;}\">\n\t\t\t\t\t\t<div class=\"elementor-container elementor-column-gap-no\">\n\t\t\t\t\t<div class=\"elementor-column elementor-col-100 elementor-top-column elementor-element elementor-element-5e9e0d0f\" data-id=\"5e9e0d0f\" data-element_type=\"column\" data-e-type=\"column\" data-settings=\"{&quot;background_background&quot;:&quot;classic&quot;}\">\n\t\t\t<div class=\"elementor-widget-wrap elementor-element-populated\">\n\t\t\t\t\t\t<section class=\"elementor-section elementor-inner-section elementor-element elementor-element-264b236 elementor-section-boxed elementor-section-height-default elementor-section-height-default\" data-id=\"264b236\" data-element_type=\"section\" data-e-type=\"section\">\n\t\t\t\t\t\t<div class=\"elementor-container elementor-column-gap-default\">\n\t\t\t\t\t<div class=\"elementor-column elementor-col-100 elementor-inner-column elementor-element elementor-element-2fa44457 animated-slow elementor-invisible\" data-id=\"2fa44457\" data-element_type=\"column\" data-e-type=\"column\" data-settings=\"{&quot;animation&quot;:&quot;fadeIn&quot;,&quot;animation_tablet&quot;:&quot;none&quot;}\">\n\t\t\t<div class=\"elementor-widget-wrap elementor-element-populated\">\n\t\t\t\t\t\t<div class=\"elementor-element elementor-element-7f5d5c12 elementor-widget elementor-widget-video\" data-id=\"7f5d5c12\" data-element_type=\"widget\" data-e-type=\"widget\" data-settings=\"{&quot;youtube_url&quot;:&quot;https:\\\/\\\/youtu.be\\\/ac78kk1vSoI&quot;,&quot;yt_privacy&quot;:&quot;yes&quot;,&quot;image_overlay&quot;:{&quot;url&quot;:&quot;&quot;,&quot;id&quot;:&quot;&quot;,&quot;size&quot;:&quot;&quot;},&quot;show_image_overlay&quot;:&quot;yes&quot;,&quot;lazy_load&quot;:&quot;yes&quot;,&quot;video_type&quot;:&quot;youtube&quot;,&quot;controls&quot;:&quot;yes&quot;}\" data-widget_type=\"video.default\">\n\t\t\t\t<div class=\"elementor-widget-container\">\n\t\t\t\t\t\t\t<div class=\"elementor-wrapper elementor-open-inline\">\n\t\t\t<div class=\"elementor-video\"><\/div>\t\t<\/div>\n\t\t\t\t\t\t<\/div>\n\t\t\t\t<\/div>\n\t\t\t\t\t<\/div>\n\t\t<\/div>\n\t\t\t\t\t<\/div>\n\t\t<\/section>\n\t\t\t\t\t<\/div>\n\t\t<\/div>\n\t\t\t\t\t<\/div>\n\t\t<\/section>\n\t\t\t\t<\/div>\n\t\t\t\t<\/div>\n\t\t\t\t\t\t<\/div>\n\t\t\t\t<\/div>\n\t\t\t\t\t<\/div>\n\t\t<\/div>\n\t\t\t\t\t<\/div>\n\t\t<\/section>\n\t\t\t\t<section class=\"elementor-section elementor-top-section elementor-element elementor-element-079583f elementor-section-content-middle elementor-section-full_width elementor-section-height-default elementor-section-height-default\" data-id=\"079583f\" data-element_type=\"section\" data-e-type=\"section\" id=\"meer-informatie\" data-settings=\"{&quot;background_background&quot;:&quot;classic&quot;}\">\n\t\t\t\t\t\t<div class=\"elementor-container elementor-column-gap-no\">\n\t\t\t\t\t<div class=\"elementor-column elementor-col-100 elementor-top-column elementor-element elementor-element-055b3ab\" data-id=\"055b3ab\" data-element_type=\"column\" data-e-type=\"column\">\n\t\t\t<div class=\"elementor-widget-wrap elementor-element-populated\">\n\t\t\t\t\t\t<section class=\"elementor-section elementor-inner-section elementor-element elementor-element-8059dd0 elementor-reverse-tablet elementor-reverse-mobile elementor-section-boxed elementor-section-height-default elementor-section-height-default\" data-id=\"8059dd0\" data-element_type=\"section\" data-e-type=\"section\">\n\t\t\t\t\t\t<div class=\"elementor-container elementor-column-gap-default\">\n\t\t\t\t\t<div class=\"elementor-column elementor-col-100 elementor-inner-column elementor-element elementor-element-679307c animated-slow elementor-invisible\" data-id=\"679307c\" data-element_type=\"column\" data-e-type=\"column\" data-settings=\"{&quot;animation&quot;:&quot;fadeIn&quot;}\">\n\t\t\t<div class=\"elementor-widget-wrap elementor-element-populated\">\n\t\t\t\t\t\t<div class=\"elementor-element elementor-element-1bf8bc2 elementor-widget elementor-widget-text-editor\" data-id=\"1bf8bc2\" data-element_type=\"widget\" data-e-type=\"widget\" data-widget_type=\"text-editor.default\">\n\t\t\t\t<div class=\"elementor-widget-container\">\n\t\t\t\t\t\t\t\t\t<h3>Reinigung der Au\u00dfenverkleidung eines Chalets<\/h3>\n<p>Reinigen Sie Ihre Au\u00dfenpolsterung niemals mit einem Hochdruckreiniger. F\u00fcr die Reinigung der Wooddesign- und Twinson-Au\u00dfenverkleidungen verwenden Sie am besten eine weiche Autob\u00fcrste oder einen Schwamm mit Wasser und gr\u00fcner Seife oder einem milden Autoshampoo.<\/p>\n<p>F\u00fcr Woodritch-Polsterungen im Au\u00dfenbereich verwenden Sie PR16 Allzweckreiniger mit einer weichen B\u00fcrste. Zus\u00e4tzlich k\u00f6nnen Sie PW16-Holzpflegemilch verwenden, die daf\u00fcr sorgt, dass die Farbe und der Glanzgrad des Lacks erhalten bleiben und die Abnutzung des Lacks begrenzt wird. Diese Artikel sind \u00fcber die Website www.plastica.nl erh\u00e4ltlich.<\/p>\n<p>Auch Au\u00dfenverkleidungen aus Kunststoff lassen sich mit 123 Flash gut reinigen. Dies gilt u. a. f\u00fcr Vinyplus, Eurotexx und Fortex. Die Produkte sind bei Quality Time erh\u00e4ltlich.<\/p>\n<p>Kleine (Lack-)Sch\u00e4den werden am besten so schnell wie m\u00f6glich ausgebessert. Am besten bestellen Sie den Lack beim Lieferanten, damit Sie sicher sein k\u00f6nnen, dass es sich um dieselbe Farbe handelt.<\/p>\n<p>Die Dachrinnen sollten regelm\u00e4\u00dfig kontrolliert und gereinigt werden. Wir empfehlen immer, zuerst einen kleinen Bereich im hinteren Teil des Chalets auszuprobieren, bevor wir das ganze Chalet damit reinigen. Dies gilt f\u00fcr jedes Reinigungsprodukt.<\/p>\n<h3>Wartung von Fensterrahmen<\/h3>\n<p>Der Bausatz sollte jedes Jahr \u00fcberpr\u00fcft werden und muss im Durchschnitt alle zwei Jahre ausgetauscht werden. Beim Auswechseln der Dichtungsn\u00e4hte empfehlen wir Ihnen, Folgendes zu beachten:<\/p>\n<ol>\n<li>Entfernen Sie die alten Dichtstoffreste und reinigen Sie die Dichtstoffoberfl\u00e4che gr\u00fcndlich.<\/li>\n<li>Entfetten Sie die Naht z. B. mit Benzol und lassen Sie sie einige Zeit trocknen.<\/li>\n<li>Tragen Sie die gew\u00fcnschte Dichtungsmasse auf und achten Sie darauf, dass der Ausguss leicht schr\u00e4g geschnitten ist.<\/li>\n<li>Spr\u00fchen Sie die Naht sofort mit Wasser, das mit etwas Sp\u00fclmittel vermischt ist.<\/li>\n<li>Entfernen Sie \u00fcbersch\u00fcssige Dichtungsmasse mit einem feuchten Teel\u00f6ffel.<\/li>\n<li>Anschlie\u00dfend gl\u00e4tten Sie die Dichtungsnaht mit einem feuchten Finger.<\/li>\n<\/ol>\n<div> <\/div>\n<p>Wenn Sie das nicht selbst machen wollen, k\u00f6nnen Sie daf\u00fcr auch den Service von Quality Time nutzen.<\/p>\n<h3>Bel\u00fcftung des Chalets<\/h3>\n<p>Die Bel\u00fcftung Ihres Chalets ist sehr wichtig. Zu viel Feuchtigkeit in Ihrem Chalet kann zu Kondenswasser an den Fenstern und zu kalten Stellen f\u00fchren, an denen keine Luftzirkulation stattfindet, was schlie\u00dflich zu Schimmelbildung f\u00fchren kann.<br \/><span style=\"background-color: var( --e-global-color-badbc1e ); color: var( --e-global-color-text ); font-family: var( --e-global-typography-22a65bc-font-family ), Sans-serif; font-size: var( --e-global-typography-22a65bc-font-size ); font-weight: var( --e-global-typography-22a65bc-font-weight ); letter-spacing: var( --e-global-typography-22a65bc-letter-spacing ); word-spacing: var( --e-global-typography-22a65bc-word-spacing );\"><br \/>Die Chalets sind serienm\u00e4\u00dfig mit L\u00fcftungsgittern ausgestattet. Wir empfehlen Ihnen, diese Gitter immer offen zu lassen, auch wenn Sie nicht zu Hause sind.<\/span><\/p>\n<p><span style=\"background-color: var( --e-global-color-badbc1e ); color: var( --e-global-color-text ); font-family: var( --e-global-typography-22a65bc-font-family ), Sans-serif; font-size: var( --e-global-typography-22a65bc-font-size ); font-weight: var( --e-global-typography-22a65bc-font-weight ); letter-spacing: var( --e-global-typography-22a65bc-letter-spacing ); word-spacing: var( --e-global-typography-22a65bc-word-spacing );\">Sorgen Sie f\u00fcr eine ausreichende Luftzufuhr unter dem Chalet, um die Struktur lufttrocken zu halten. (Dies wurde bei der Vergabe Ihres Chalets ber\u00fccksichtigt)<\/span><\/p>\n<p>Wir raten Ihnen, das Thermostat Ihrer Zentralheizung w\u00e4hrend Ihrer Abwesenheit nicht unter 12 Grad einzustellen.<\/p>\n<h3>Geysir \/ Kessel<\/h3>\n<p>Sowohl ein Geysir als auch ein Zentralheizungskessel m\u00fcssen j\u00e4hrlich gewartet werden. Wir empfehlen Ihnen, einen Vertrag mit einem \u00f6rtlichen Installateur f\u00fcr die j\u00e4hrliche Wartung abzuschlie\u00dfen. Sie k\u00f6nnen dies bei Quality Time tun, die mit den Chalets vertraut sind.<\/p>\n<p>Wenn der Geysir\/Zentralheizungskessel innerhalb des ersten Jahres nach der Lieferung eine St\u00f6rung aufweist, k\u00f6nnen Sie dies unserer Serviceabteilung melden (service@zeeuwsechalets.nl). Nach einem Jahr k\u00f6nnen Sie Serviceanfragen an denjenigen melden, der Ihren Geysir\/Zentralheizungskessel wartet.<\/p>\n<h3>\u00dcberwintern eines Chalets<\/h3>\n<p>Frost ist f\u00fcr alles, was Wasser enth\u00e4lt, sehr sch\u00e4dlich. Denken Sie an die Rohre, aber auch an Siphons oder die Toilette. Wenn Wasser gefriert, dehnt es sich aus, weshalb Rohre rei\u00dfen und Toilettensch\u00fcsseln platzen. Sobald das Tauwetter einsetzt, f\u00fchrt dies zu Leckagen mit Folgesch\u00e4den.<\/p>\n<p>F\u00fcr die Vorbereitung auf die Wintersaison sind Sie selbst verantwortlich. Wir \u00fcbernehmen keine Garantie f\u00fcr Sch\u00e4den, die auf Frost zur\u00fcckzuf\u00fchren sind.<\/p>\n<p>Die Wasserleitung unter Ihrem Chalet ist anf\u00e4llig f\u00fcr Frost. Wenn Sie in den Wintermonaten nicht anwesend sind, m\u00fcssen Sie das Chalet winterfest machen. Tun Sie dies in Absprache mit dem Parkleiter oder mit Quality Time<\/p>\n<p>Wenn der Wasserdruck auf dem Rohr bleibt, m\u00fcssen Sie das Rohr sch\u00fctzen. Wir empfehlen, Quality Time zu fragen.<\/p>\n<p>Wenn Ihr Chalet nicht beheizt ist, m\u00fcssen Sie es winterfest machen.<\/p>\n<p>Auch wenn die vorhandene Zentralheizung im Winter eingeschaltet bleibt, ist die Innentemperatur sehr entscheidend (empfohlen 12 Grad), um die Bildung von feuchter Luft\/Tau im Chalet zu verhindern.<\/p>\n<p>Wir empfehlen, Ihre Zentralheizungsanlage mit Frostschutzmittel (Glykol) zu bef\u00fcllen und dieses Verh\u00e4ltnis j\u00e4hrlich \u00fcberpr\u00fcfen zu lassen.<\/p>\n<p>F\u00fcr die \u00dcberwinterung k\u00f6nnen Sie den Service von Quality Time in Anspruch nehmen, der diese Wartungsarbeiten f\u00fcr Sie \u00fcbernimmt.<\/p>\n<p>Zeit f\u00fcr Qualit\u00e4t<br \/>Elkerzeeseweg 45C<br \/>Scharendijke<br \/>Tel. Nr.: 06 100 016 51<\/p>\n\t\t\t\t\t\t\t\t<\/div>\n\t\t\t\t<\/div>\n\t\t\t\t\t<\/div>\n\t\t<\/div>\n\t\t\t\t\t<\/div>\n\t\t<\/section>\n\t\t\t\t\t<\/div>\n\t\t<\/div>\n\t\t\t\t\t<\/div>\n\t\t<\/section>\n\t\t\t\t<section class=\"elementor-section elementor-top-section elementor-element elementor-element-8c0ff18 elementor-section-full_width elementor-section-stretched elementor-section-height-default elementor-section-height-default\" data-id=\"8c0ff18\" data-element_type=\"section\" data-e-type=\"section\" data-settings=\"{&quot;stretch_section&quot;:&quot;section-stretched&quot;}\">\n\t\t\t\t\t\t<div class=\"elementor-container elementor-column-gap-default\">\n\t\t\t\t\t<div class=\"elementor-column elementor-col-100 elementor-top-column elementor-element elementor-element-937eb10\" data-id=\"937eb10\" data-element_type=\"column\" data-e-type=\"column\">\n\t\t\t<div class=\"elementor-widget-wrap elementor-element-populated\">\n\t\t\t\t\t\t<div class=\"elementor-element elementor-element-27cffe7 elementor-widget elementor-widget-template\" data-id=\"27cffe7\" data-element_type=\"widget\" data-e-type=\"widget\" data-widget_type=\"template.default\">\n\t\t\t\t<div class=\"elementor-widget-container\">\n\t\t\t\t\t\t\t<div class=\"elementor-template\">\n\t\t\t\t\t<div data-elementor-type=\"section\" data-elementor-id=\"7826\" class=\"elementor elementor-7826 elementor-643 elementor-643\" data-elementor-post-type=\"elementor_library\">\n\t\t\t\t\t<section class=\"elementor-section elementor-top-section elementor-element elementor-element-3ffeb3f7 elementor-section-content-middle elementor-section-full_width elementor-section-height-default elementor-section-height-default\" data-id=\"3ffeb3f7\" data-element_type=\"section\" data-e-type=\"section\" data-settings=\"{&quot;background_background&quot;:&quot;classic&quot;}\">\n\t\t\t\t\t\t<div class=\"elementor-container elementor-column-gap-no\">\n\t\t\t\t\t<div class=\"elementor-column elementor-col-100 elementor-top-column elementor-element elementor-element-7d2e30dd\" data-id=\"7d2e30dd\" data-element_type=\"column\" data-e-type=\"column\" data-settings=\"{&quot;background_background&quot;:&quot;classic&quot;}\">\n\t\t\t<div class=\"elementor-widget-wrap elementor-element-populated\">\n\t\t\t\t\t\t<section class=\"elementor-section elementor-inner-section elementor-element elementor-element-74d0a2a3 elementor-section-boxed elementor-section-height-default elementor-section-height-default\" data-id=\"74d0a2a3\" data-element_type=\"section\" data-e-type=\"section\">\n\t\t\t\t\t\t<div class=\"elementor-container elementor-column-gap-default\">\n\t\t\t\t\t<div class=\"elementor-column elementor-col-50 elementor-inner-column elementor-element elementor-element-730801f8\" data-id=\"730801f8\" data-element_type=\"column\" data-e-type=\"column\">\n\t\t\t<div class=\"elementor-widget-wrap elementor-element-populated\">\n\t\t\t\t\t\t<div class=\"elementor-element elementor-element-68eab0e3 elementor-widget elementor-widget-heading\" data-id=\"68eab0e3\" data-element_type=\"widget\" data-e-type=\"widget\" data-widget_type=\"heading.default\">\n\t\t\t\t<div class=\"elementor-widget-container\">\n\t\t\t\t\t<div class=\"elementor-heading-title elementor-size-default\">Noch Fragen?<\/div>\t\t\t\t<\/div>\n\t\t\t\t<\/div>\n\t\t\t\t<div class=\"elementor-element elementor-element-ac94268 elementor-widget elementor-widget-heading\" data-id=\"ac94268\" data-element_type=\"widget\" data-e-type=\"widget\" data-widget_type=\"heading.default\">\n\t\t\t\t<div class=\"elementor-widget-container\">\n\t\t\t\t\t<h2 class=\"elementor-heading-title elementor-size-default\">Unser Team wird <br>Ihnen gerne helfen!<\/h2>\t\t\t\t<\/div>\n\t\t\t\t<\/div>\n\t\t\t\t<div class=\"elementor-element elementor-element-52ddf275 elementor-widget__width-inherit elementor-mobile-align-center elementor-widget elementor-widget-button\" data-id=\"52ddf275\" data-element_type=\"widget\" data-e-type=\"widget\" data-widget_type=\"button.default\">\n\t\t\t\t<div class=\"elementor-widget-container\">\n\t\t\t\t\t\t\t\t\t<div class=\"elementor-button-wrapper\">\n\t\t\t\t\t<a class=\"elementor-button elementor-button-link elementor-size-md\" href=\"https:\/\/zeeuwsechalets.nl\/de\/contact\/\">\n\t\t\t\t\t\t<span class=\"elementor-button-content-wrapper\">\n\t\t\t\t\t\t<span class=\"elementor-button-icon\">\n\t\t\t\t<i aria-hidden=\"true\" class=\"fas fa-arrow-right\"><\/i>\t\t\t<\/span>\n\t\t\t\t\t\t\t\t\t<span class=\"elementor-button-text\">Kontakt aufnehmen<\/span>\n\t\t\t\t\t<\/span>\n\t\t\t\t\t<\/a>\n\t\t\t\t<\/div>\n\t\t\t\t\t\t\t\t<\/div>\n\t\t\t\t<\/div>\n\t\t\t\t\t<\/div>\n\t\t<\/div>\n\t\t\t\t<div class=\"elementor-column elementor-col-50 elementor-inner-column elementor-element elementor-element-0672784\" data-id=\"0672784\" data-element_type=\"column\" data-e-type=\"column\">\n\t\t\t<div class=\"elementor-widget-wrap elementor-element-populated\">\n\t\t\t\t\t\t<div class=\"elementor-element elementor-element-ec9bd0e elementor-widget elementor-widget-image\" data-id=\"ec9bd0e\" data-element_type=\"widget\" data-e-type=\"widget\" data-widget_type=\"image.default\">\n\t\t\t\t<div class=\"elementor-widget-container\">\n\t\t\t\t\t\t\t\t\t\t\t\t\t\t\t<img decoding=\"async\" src=\"https:\/\/zeeuwsechalets.nl\/wp-content\/uploads\/elementor\/thumbs\/Personeelsfoto-Zeeuwse-chalets-Transparant-pptijys21f7lyp70fym5osl5y56vwvnry38ccoktve.png\" title=\"Personeelsfoto Zeeuwse chalets &#8211; Transparant\" alt=\"Personeelsfoto Zeeuwse chalets - Transparant\" loading=\"lazy\" \/>\t\t\t\t\t\t\t\t\t\t\t\t\t\t\t<\/div>\n\t\t\t\t<\/div>\n\t\t\t\t\t<\/div>\n\t\t<\/div>\n\t\t\t\t\t<\/div>\n\t\t<\/section>\n\t\t\t\t\t<\/div>\n\t\t<\/div>\n\t\t\t\t\t<\/div>\n\t\t<\/section>\n\t\t\t\t<\/div>\n\t\t\t\t<\/div>\n\t\t\t\t\t\t<\/div>\n\t\t\t\t<\/div>\n\t\t\t\t\t<\/div>\n\t\t<\/div>\n\t\t\t\t\t<\/div>\n\t\t<\/section>\n\t\t\t\t<\/div>\n\t\t","protected":false},"excerpt":{"rendered":"<p>So machen Sie es! Instandhaltung und \u00dcberwinterung eines Chalets Nat\u00fcrlich braucht auch Ihr Traum-Chalet ein bisschen Liebe und Aufmerksamkeit, um so sch\u00f6n und ordentlich zu bleiben. Lesen Sie daher die folgenden n\u00fctzlichen Tipps, um das Chalet optimal zu pflegen. Sie fragen sich, wie man ein Chalet winterfest macht? Dann schauen Sie sich das Video unten [&hellip;]<\/p>\n","protected":false},"author":1,"featured_media":0,"parent":7673,"menu_order":3,"comment_status":"closed","ping_status":"closed","template":"","meta":{"footnotes":""},"folder":[58],"class_list":["post-7686","page","type-page","status-publish","hentry"],"_links":{"self":[{"href":"https:\/\/zeeuwsechalets.nl\/de\/wp-json\/wp\/v2\/pages\/7686","targetHints":{"allow":["GET"]}}],"collection":[{"href":"https:\/\/zeeuwsechalets.nl\/de\/wp-json\/wp\/v2\/pages"}],"about":[{"href":"https:\/\/zeeuwsechalets.nl\/de\/wp-json\/wp\/v2\/types\/page"}],"author":[{"embeddable":true,"href":"https:\/\/zeeuwsechalets.nl\/de\/wp-json\/wp\/v2\/users\/1"}],"replies":[{"embeddable":true,"href":"https:\/\/zeeuwsechalets.nl\/de\/wp-json\/wp\/v2\/comments?post=7686"}],"version-history":[{"count":5,"href":"https:\/\/zeeuwsechalets.nl\/de\/wp-json\/wp\/v2\/pages\/7686\/revisions"}],"predecessor-version":[{"id":7904,"href":"https:\/\/zeeuwsechalets.nl\/de\/wp-json\/wp\/v2\/pages\/7686\/revisions\/7904"}],"up":[{"embeddable":true,"href":"https:\/\/zeeuwsechalets.nl\/de\/wp-json\/wp\/v2\/pages\/7673"}],"wp:attachment":[{"href":"https:\/\/zeeuwsechalets.nl\/de\/wp-json\/wp\/v2\/media?parent=7686"}],"wp:term":[{"taxonomy":"folder","embeddable":true,"href":"https:\/\/zeeuwsechalets.nl\/de\/wp-json\/wp\/v2\/folder?post=7686"}],"curies":[{"name":"wp","href":"https:\/\/api.w.org\/{rel}","templated":true}]}}